{"id":2,"date":"2019-10-17T06:00:51","date_gmt":"2019-10-17T06:00:51","guid":{"rendered":"http:\/\/neu.lannalifelofts.ch\/?page_id=2"},"modified":"2026-04-08T17:54:18","modified_gmt":"2026-04-08T17:54:18","slug":"geschichte","status":"publish","type":"page","link":"https:\/\/lanna.wpt-thailand.com\/","title":{"rendered":"Home"},"content":{"rendered":"\n<figure class=\"wp-block-image is-resized width-narrow\"><img loading=\"lazy\" decoding=\"async\" width=\"960\" height=\"236\" src=\"http:\/\/neu.lannalifelofts.ch\/wp-content\/uploads\/2019\/10\/lanna-life-lofts-logo.png\" alt=\"\" class=\"wp-image-7\" style=\"width:narrow\" srcset=\"https:\/\/lanna.wpt-thailand.com\/wp-content\/uploads\/2019\/10\/lanna-life-lofts-logo.png 960w, https:\/\/lanna.wpt-thailand.com\/wp-content\/uploads\/2019\/10\/lanna-life-lofts-logo-300x74.png 300w, https:\/\/lanna.wpt-thailand.com\/wp-content\/uploads\/2019\/10\/lanna-life-lofts-logo-768x189.png 768w\" sizes=\"auto, (max-width: 960px) 100vw, 960px\" \/><\/figure>\n\n\n\n<h1 class=\"wp-block-heading width-narrow\">Wohnresidenz f\u00fcr Seniorinnen und Senioren in Chiang Mai, Thailand<\/h1>\n\n\n\n<p class=\"width-narrow\">Geniessen Sie Ihren Lebensabend unter der Sonne Nord-Thailands. Lanna Life Lofts stellt Seniorinnen und Senioren 8 m\u00f6blierte Villen und 16 m\u00f6blierte Appartements als gepflegten Alterswohnsitz zur Verf\u00fcgung. Alle Wohneinheiten sind vom nordthail\u00e4ndischen Lanna-Style inspiriert. Es erwartet Sie eine gelungene Mischung aus traditionellem Baustil und europ\u00e4ischem Komfort. Eine echte Wohlf\u00fchloase f\u00fcr ein entspanntes Dasein im dritten Lebensabschnitt.<\/p>\n\n\n\n<div style=\"height:100px;width:narrow\" aria-hidden=\"true\" class=\"wp-block-spacer width-narrow\"><\/div>\n\n\n\n<p class=\"width-narrow\"><\/p>\n\n\n\n<h2 class=\"wp-block-heading has-text-align-center width-narrow has-white-color has-text-color has-background has-link-color wp-elements-eafe31d8fcc66bca1126bb24aa5ce6fc\" style=\"background-color:#2d2a4a\"><strong>Updates<\/strong><\/h2>\n\n\n\n<div style=\"height:50px;width:narrow\" aria-hidden=\"true\" class=\"wp-block-spacer width-narrow\"><\/div>\n\n\n\n<p class=\"has-text-align-center width-narrow has-white-color has-text-color has-background has-link-color wp-elements-ba45d19673b3552c6bde2d84abf0b430\" style=\"background-color:#a51931\"><strong>Weitere Neuigkeiten zum Lanna Life Lofts im Februar.<br><em>Neue Einblicke. Neue Details.<\/em><\/strong><\/p>\n\n\n\n<div style=\"height:100px;width:narrow\" aria-hidden=\"true\" class=\"wp-block-spacer width-narrow\"><\/div>\n\n\n\n<h2 class=\"wp-block-heading width-narrow\">Es wird Ihnen an nichts fehlen<\/h2>\n\n\n\n<p class=\"width-narrow\">Ob Gastronomie, Hausdienst, Bibliothek, Schwimmbad, Wellness, Massage, Fitness und Bewegung, Unterhaltung oder Shuttle-Service: Sie kommen in den Genuss aller Annehmlichkeiten f\u00fcr ein abwechslungsreiches Leben. Zudem ist die ganze Anlage rollstuhlg\u00e4ngig, und ein gesundheitlicher Notfalldienst ist stets gew\u00e4hrleistet.&nbsp;<\/p>\n\n\n\n<p class=\"width-narrow\"><\/p>\n\n\n\n<div class=\"wp-block-columns width-narrow is-layout-flex wp-container-core-columns-is-layout-9d6595d7 wp-block-columns-is-layout-flex\">\n<div class=\"wp-block-column width-narrow is-layout-flow wp-block-column-is-layout-flow\">\n<figure class=\"wp-block-embed is-type-video is-provider-youtube wp-block-embed-youtube width-narrow\"><div class=\"wp-block-embed__wrapper\">\n<iframe loading=\"lazy\" title=\"Gepflegter Alterswohnsitz in Thailand | Pr\u00e4sentiert von den Gr\u00fcndern (Nov 2023)\" width=\"500\" height=\"281\" src=\"https:\/\/www.youtube.com\/embed\/luXVY0fryek?feature=oembed\" frameborder=\"0\" allow=\"accelerometer; autoplay; clipboard-write; encrypted-media; gyroscope; picture-in-picture; web-share\" referrerpolicy=\"strict-origin-when-cross-origin\" allowfullscreen><\/iframe>\n<\/div><\/figure>\n<\/div>\n<\/div>\n\n\n\n<p class=\"width-narrow\"><\/p>\n\n\n\n<p class=\"width-narrow\">Alle Videos auf unserem YouTube-Kanal<br><a href=\"https:\/\/www.youtube.com\/@lannalifelofts\">youtube.com\/@lannalifelofts<\/a><\/p>\n\n\n\n<div style=\"height:100px;width:narrow\" aria-hidden=\"true\" class=\"wp-block-spacer width-narrow\"><\/div>\n\n\n\n<h2 class=\"wp-block-heading width-narrow\">Wohnen, das Sie sich leisten k\u00f6nnen<\/h2>\n\n\n\n<p class=\"width-narrow\">Entdecken Sie eine besondere, zugleich erschwingliche Wohn- und Lebensform in der wundersch\u00f6nen Region Chiang Mai \u2013 ein Ort, an dem das \u00c4lterwerden in Gemeinschaft mit Freunden und Nachbarn Freude bereitet.<\/p>\n\n\n\n<h2 class=\"wp-block-heading width-narrow\">Der Name LANNA LIFE LOFTS &#8211; Leben in Harmonie<\/h2>\n\n\n\n<p class=\"width-narrow\">Der Name <strong><em>Lanna<\/em> <\/strong>geht auf ein historisches K\u00f6nigreich zur\u00fcck, das den gesamten Norden Thailands umfasste. Noch heute ist er im kulturellen Kontext sowie im traditionellen Baustil der Region allgegenw\u00e4rtig. <em><strong>Life<\/strong><\/em> steht f\u00fcr die Lebensfreude im dritten Lebensabschnitt, <em><strong>Loft<\/strong><\/em>s verweist auf den offenen, lichtdurchfluteten Baustil des Projekts.<\/p>\n\n\n\n<h2 class=\"wp-block-heading width-narrow\">Baustil &#8211; Architektur mit Herz und Geschichte<\/h2>\n\n\n\n<p class=\"width-narrow\">Nachhaltigkeit ist f\u00fcr uns kein Trend, sondern eine Haltung. Deshalb achten wir bei <em>Lanna Life Lofts<\/em> auf:<\/p>\n\n\n\n<ul class=\"wp-block-list width-narrow\">\n<li class=\"width-narrow\">Leichte, gesunde K\u00fcche \u2013 und das alles zu bezahlbaren Pensionspreisen<\/li>\n\n\n\n<li class=\"width-narrow\">Eine deutschsprachige Leitung sowie qualifiziertes, fair entlohntes Personal<\/li>\n\n\n\n<li class=\"width-narrow\">Hochwertige, umweltfreundliche Bauweise in Schweizer-Thai-Architektur (regionale Baustoffe mit guter Isolierung, viel Holz, eigene Solarstromproduktion)<\/li>\n\n\n\n<li class=\"width-narrow\">Gro\u00dfz\u00fcgige R\u00e4ume mit hohem Wohnkomfort und zahlreichen Extras wie Sky-Bar, Bibliothek, gro\u00dfem Pool, gehobener Gastronomie und umfangreichen Serviceleistungen<\/li>\n<\/ul>\n\n\n\n<p class=\"width-narrow\"><a href=\"https:\/\/lanna.wpt-thailand.com\/nachhaltiges-bauen-und-leben\/\">Aktuelle Fotos der Anlage (Ab Oktober 2023)<\/a><br><a href=\"https:\/\/lanna.wpt-thailand.com\/wp-content\/uploads\/2020\/03\/Alle-Grundrisse.pdf\">Masterplan und alle Grundrisse (PDF)<\/a><\/p>\n\n\n\n<h2 class=\"wp-block-heading width-narrow\">Nachhaltig Wohnen &#8211; Bewusst Leben<\/h2>\n\n\n\n<p class=\"width-narrow\">Nachhaltigkeit spielt in unserem Leben zu Recht eine immer gr\u00f6ssere Rolle. <\/p>\n\n\n\n<p class=\"width-narrow\">Im Lanna Life Lofts legen wir Wert auf:<\/p>\n\n\n\n<ul class=\"wp-block-list width-narrow\">\n<li class=\"width-narrow\">Qualitativ hochwertige und nachhaltige Bauten in\nSchweizer\/Thai-Architektur (regionale Baustoffe mit guter\nIsolationseigenschaft, viel Holz, Produktion von Sonnenstrom mit Kollektoren)<\/li>\n\n\n\n<li class=\"width-narrow\">Deutschsprechende Leitung und qualifiziertes,<br>fair bezahltes Personal<br>Hoher Komfort, grossz\u00fcgige Raumgr\u00f6ssen und viele Extras (Sky-Bar, Bibliothek, grosser Pool, gehobenes Gastronomie und umfassende Serviceleistungen)<\/li>\n\n\n\n<li class=\"width-narrow\">Leichtes und gesundes Essen<\/li>\n\n\n\n<li class=\"width-narrow\">Bezahlbare Pensionspreise<\/li>\n<\/ul>\n\n\n\n<div style=\"height:1000px;width:narrow\" aria-hidden=\"true\" class=\"wp-block-spacer width-narrow\"><\/div>\n\n\n\n<p class=\"width-narrow\"><\/p>\n","protected":false},"excerpt":{"rendered":"<p>Wohnresidenz f\u00fcr Seniorinnen und Senioren in Chiang Mai, Thailand Geniessen Sie Ihren Lebensabend unter der Sonne Nord-Thailands. Lanna Life Lofts stellt Seniorinnen und Senioren 8 m\u00f6blierte Villen und 16 m\u00f6blierte Appartements als gepflegten Alterswohnsitz zur Verf\u00fcgung. Alle Wohneinheiten sind vom nordthail\u00e4ndischen Lanna-Style inspiriert. Es erwartet Sie eine gelungene Mischung aus traditionellem Baustil und europ\u00e4ischem Komfort. [&hellip;]<\/p>\n","protected":false},"author":1,"featured_media":0,"parent":0,"menu_order":0,"comment_status":"closed","ping_status":"closed","template":"","meta":{"footnotes":""},"class_list":["post-2","page","type-page","status-publish","hentry"],"lang":"de","translations":{"de":2,"en":463,"th":466,"fr":2454},"pll_sync_post":[],"_links":{"self":[{"href":"https:\/\/lanna.wpt-thailand.com\/wp-json\/wp\/v2\/pages\/2","targetHints":{"allow":["GET"]}}],"collection":[{"href":"https:\/\/lanna.wpt-thailand.com\/wp-json\/wp\/v2\/pages"}],"about":[{"href":"https:\/\/lanna.wpt-thailand.com\/wp-json\/wp\/v2\/types\/page"}],"author":[{"embeddable":true,"href":"https:\/\/lanna.wpt-thailand.com\/wp-json\/wp\/v2\/users\/1"}],"replies":[{"embeddable":true,"href":"https:\/\/lanna.wpt-thailand.com\/wp-json\/wp\/v2\/comments?post=2"}],"version-history":[{"count":167,"href":"https:\/\/lanna.wpt-thailand.com\/wp-json\/wp\/v2\/pages\/2\/revisions"}],"predecessor-version":[{"id":2936,"href":"https:\/\/lanna.wpt-thailand.com\/wp-json\/wp\/v2\/pages\/2\/revisions\/2936"}],"wp:attachment":[{"href":"https:\/\/lanna.wpt-thailand.com\/wp-json\/wp\/v2\/media?parent=2"}],"curies":[{"name":"wp","href":"https:\/\/api.w.org\/{rel}","templated":true}]}}